{"id":18,"date":"2020-03-05T15:16:20","date_gmt":"2020-03-05T18:16:20","guid":{"rendered":"http:\/\/www.comolatti.com.br\/?page_id=18"},"modified":"2021-04-06T14:40:54","modified_gmt":"2021-04-06T17:40:54","slug":"contato","status":"publish","type":"page","link":"https:\/\/www.comolatti.com.br\/en\/contato\/","title":{"rendered":"Contact"},"content":{"rendered":"<h1 class=\"title wp-block-heading\"> Contact us <\/h1>\n\n\n\n<p>Clarify doubts, send suggestions, or make other requests. Fill out the form <br>with the necessary information. We will respond as soon as possible.<\/p>\n\n\n\n<p><\/p>","protected":false},"excerpt":{"rendered":"<p>Entre em contato conosco Esclare\u00e7a d\u00favidas, envie sugest\u00f5es ou outras solicita\u00e7\u00f5es. Preencha o formul\u00e1rio com as informa\u00e7\u00f5es necess\u00e1rias. Responderemos o mais breve poss\u00edvel.<\/p>","protected":false},"author":1,"featured_media":0,"parent":0,"menu_order":0,"comment_status":"closed","ping_status":"closed","template":"contato.php","meta":{"inline_featured_image":false,"footnotes":""},"acf":[],"aioseo_notices":[],"_links":{"self":[{"href":"https:\/\/www.comolatti.com.br\/en\/wp-json\/wp\/v2\/pages\/18"}],"collection":[{"href":"https:\/\/www.comolatti.com.br\/en\/wp-json\/wp\/v2\/pages"}],"about":[{"href":"https:\/\/www.comolatti.com.br\/en\/wp-json\/wp\/v2\/types\/page"}],"author":[{"embeddable":true,"href":"https:\/\/www.comolatti.com.br\/en\/wp-json\/wp\/v2\/users\/1"}],"replies":[{"embeddable":true,"href":"https:\/\/www.comolatti.com.br\/en\/wp-json\/wp\/v2\/comments?post=18"}],"version-history":[{"count":26,"href":"https:\/\/www.comolatti.com.br\/en\/wp-json\/wp\/v2\/pages\/18\/revisions"}],"predecessor-version":[{"id":557,"href":"https:\/\/www.comolatti.com.br\/en\/wp-json\/wp\/v2\/pages\/18\/revisions\/557"}],"wp:attachment":[{"href":"https:\/\/www.comolatti.com.br\/en\/wp-json\/wp\/v2\/media?parent=18"}],"curies":[{"name":"wp","href":"https:\/\/api.w.org\/{rel}","templated":true}]}}