{"id":16,"date":"2020-03-05T15:16:00","date_gmt":"2020-03-05T18:16:00","guid":{"rendered":"http:\/\/www.comolatti.com.br\/?page_id=16"},"modified":"2021-03-12T09:35:58","modified_gmt":"2021-03-12T12:35:58","slug":"trabalhe-conosco","status":"publish","type":"page","link":"https:\/\/www.comolatti.com.br\/en\/trabalhe-conosco\/","title":{"rendered":"Careers"},"content":{"rendered":"<h1 class=\"wp-block-heading\">Join our team of professionals<\/h1>\n\n\n\n<p>Work alongside those with experience and tradition, send your resume or check out our vacancies on the websites below.<\/p>","protected":false},"excerpt":{"rendered":"<p>Fa\u00e7a parte do nosso time de profissionais Trabalhe ao lado de quem tem experi\u00eancia e tradi\u00e7\u00e3o, envie seu curr\u00edculo ou confira nossas vagas nos sites abaixo.<\/p>","protected":false},"author":1,"featured_media":0,"parent":0,"menu_order":0,"comment_status":"closed","ping_status":"closed","template":"trabalhe-conosco.php","meta":{"inline_featured_image":false,"footnotes":""},"acf":[],"aioseo_notices":[],"_links":{"self":[{"href":"https:\/\/www.comolatti.com.br\/en\/wp-json\/wp\/v2\/pages\/16"}],"collection":[{"href":"https:\/\/www.comolatti.com.br\/en\/wp-json\/wp\/v2\/pages"}],"about":[{"href":"https:\/\/www.comolatti.com.br\/en\/wp-json\/wp\/v2\/types\/page"}],"author":[{"embeddable":true,"href":"https:\/\/www.comolatti.com.br\/en\/wp-json\/wp\/v2\/users\/1"}],"replies":[{"embeddable":true,"href":"https:\/\/www.comolatti.com.br\/en\/wp-json\/wp\/v2\/comments?post=16"}],"version-history":[{"count":10,"href":"https:\/\/www.comolatti.com.br\/en\/wp-json\/wp\/v2\/pages\/16\/revisions"}],"predecessor-version":[{"id":514,"href":"https:\/\/www.comolatti.com.br\/en\/wp-json\/wp\/v2\/pages\/16\/revisions\/514"}],"wp:attachment":[{"href":"https:\/\/www.comolatti.com.br\/en\/wp-json\/wp\/v2\/media?parent=16"}],"curies":[{"name":"wp","href":"https:\/\/api.w.org\/{rel}","templated":true}]}}