{"id":14,"date":"2020-03-05T15:15:35","date_gmt":"2020-03-05T18:15:35","guid":{"rendered":"http:\/\/www.comolatti.com.br\/?page_id=14"},"modified":"2025-07-15T13:52:13","modified_gmt":"2025-07-15T16:52:13","slug":"responsabilidade-social","status":"publish","type":"page","link":"https:\/\/www.comolatti.com.br\/en\/responsabilidade-social\/","title":{"rendered":"Comolatti Institute"},"content":{"rendered":"<div class=\"wp-block-image\">\n<figure class=\"aligncenter size-medium\"><img loading=\"lazy\" decoding=\"async\" width=\"300\" height=\"50\" src=\"https:\/\/www.comolatti.com.br\/wp-content\/uploads\/2022\/02\/Instituto-Comolatti-Logo-300x50.png\" alt=\"\" class=\"wp-image-562\" srcset=\"\" sizes=\"(max-width: 300px) 100vw, 300px\" data-srcset=\"\" \/><\/figure><\/div>\n\n\n<h1 class=\"wp-block-heading\">Commitment to promoting well-being and social inclusion<\/h1>\n\n\n\n<p>O Grupo Comolatti criou o Instituto Comolatti, onde est\u00e3o inclusos todos os nossos projetos de <strong>Responsabilidade<br>Social<\/strong>. O Instituto deu in\u00edcio aos trabalhos dia 8 de fevereiro de 2022, data em que foi celebrado tamb\u00e9m o anivers\u00e1rio de 100 anos do nosso fundador, Sr. Evaristo Comolatti.<\/p>\n\n\n\n<p>The Institute came to act\nmainly in the area of <strong>Education<\/strong>. <\/p>\n\n\n\n<p>Among the ongoing initiatives, the <strong>institute's educacional projects<\/strong> focuses on providing student reinforcement in\nPortuguese classes, mathematics and the development of\nsocio-emotional skills. Already at its foundation, 50 children, aged between 6 and 13, were assisted in the project.<\/p>\n\n\n\n<p>The inauguration of the Comolatti Institute marked the beginning of a <strong>new phase<\/strong> for the Group, reinforcing the company's commitment to contribute to society, including and transforming people's life. <strong>including<\/strong> and <strong>transforming<\/strong>\npeople's life.&nbsp; <\/p>\n\n\n\n<p>\u201cWe know there is much to be done, but taking this step is a way of renewing the Comolatti Group's commitment to a more egalitarian, more inclusive society. The Comolatti Institute was born with the will and collaboration of many good people, who together have an even greater power to transform.\u201d<em>,<\/em> submits Sergio Comolatti.<br><\/p>\n\n\n\n<div class=\"wp-block-columns is-layout-flex wp-container-core-columns-is-layout-1 wp-block-columns-is-layout-flex\">\n<div class=\"wp-block-column is-layout-flow wp-block-column-is-layout-flow\">\n<figure class=\"wp-block-video\"><video controls src=\"http:\/\/comolatti.com.br\/Instituto_Sem_Legenda.mp4\"><\/video><\/figure>\n<\/div>\n<\/div>\n\n\n<div class=\"wp-block-image\">\n<figure class=\"aligncenter size-large\"><a href=\"https:\/\/osaopaulo.org.br\/brasil\/instituto-oferece-reforco-escolar-a-criancas-e-cursos-profissionalizantes-a-familias\/\" target=\"_blank\" rel=\"noreferrer noopener\"><img loading=\"lazy\" decoding=\"async\" width=\"800\" height=\"100\" src=\"https:\/\/www.comolatti.com.br\/wp-content\/uploads\/2023\/05\/Banner_instituto-en.jpg\" alt=\"\" class=\"wp-image-574\" srcset=\"https:\/\/www.comolatti.com.br\/wp-content\/uploads\/2023\/05\/Banner_instituto-en.jpg 800w, https:\/\/www.comolatti.com.br\/wp-content\/uploads\/2023\/05\/Banner_instituto-en-300x38.jpg 300w, https:\/\/www.comolatti.com.br\/wp-content\/uploads\/2023\/05\/Banner_instituto-en-768x96.jpg 768w, https:\/\/www.comolatti.com.br\/wp-content\/uploads\/2023\/05\/Banner_instituto-en-18x2.jpg 18w\" sizes=\"(max-width: 800px) 100vw, 800px\" \/><\/a><\/figure><\/div>\n\n\n<p><\/p>","protected":false},"excerpt":{"rendered":"<p>Compromisso em promover o bem-estar e a inclus\u00e3o social O Grupo Comolatti criou o Instituto Comolatti, onde est\u00e3o inclusos todos os nossos projetos de ResponsabilidadeSocial. O Instituto deu in\u00edcio aos trabalhos dia 8 de fevereiro de 2022, data em que foi celebrado tamb\u00e9m o anivers\u00e1rio de 100 anos do nosso fundador, Sr. Evaristo Comolatti. O Instituto veio para atuar principalmente na \u00e1rea de Educa\u00e7\u00e3o. Entre as iniciativas em andamento, o projeto educacional do Instituto tem [&hellip;]<\/p>","protected":false},"author":1,"featured_media":0,"parent":0,"menu_order":0,"comment_status":"closed","ping_status":"closed","template":"responsabilidade-social.php","meta":{"inline_featured_image":false,"footnotes":""},"acf":[],"aioseo_notices":[],"_links":{"self":[{"href":"https:\/\/www.comolatti.com.br\/en\/wp-json\/wp\/v2\/pages\/14"}],"collection":[{"href":"https:\/\/www.comolatti.com.br\/en\/wp-json\/wp\/v2\/pages"}],"about":[{"href":"https:\/\/www.comolatti.com.br\/en\/wp-json\/wp\/v2\/types\/page"}],"author":[{"embeddable":true,"href":"https:\/\/www.comolatti.com.br\/en\/wp-json\/wp\/v2\/users\/1"}],"replies":[{"embeddable":true,"href":"https:\/\/www.comolatti.com.br\/en\/wp-json\/wp\/v2\/comments?post=14"}],"version-history":[{"count":47,"href":"https:\/\/www.comolatti.com.br\/en\/wp-json\/wp\/v2\/pages\/14\/revisions"}],"predecessor-version":[{"id":887,"href":"https:\/\/www.comolatti.com.br\/en\/wp-json\/wp\/v2\/pages\/14\/revisions\/887"}],"wp:attachment":[{"href":"https:\/\/www.comolatti.com.br\/en\/wp-json\/wp\/v2\/media?parent=14"}],"curies":[{"name":"wp","href":"https:\/\/api.w.org\/{rel}","templated":true}]}}