{"id":12,"date":"2020-03-05T15:15:10","date_gmt":"2020-03-05T18:15:10","guid":{"rendered":"http:\/\/www.comolatti.com.br\/?page_id=12"},"modified":"2026-03-13T13:13:51","modified_gmt":"2026-03-13T16:13:51","slug":"segmentos-de-atuacao","status":"publish","type":"page","link":"https:\/\/www.comolatti.com.br\/en\/segmentos-de-atuacao\/","title":{"rendered":"Business segment"},"content":{"rendered":"<h1 class=\"wp-block-heading\">Extensive performance through integrated and efficient management<\/h1>\n\n\n\n<p>The Comolatti Group controls some of the most modern companies in Brazil, standing out for the efficient and intelligent structure with which it manages its business, and for the seriousness and commitment it maintains with its network of customers, suppliers and partners. Among the segments in which it operates, the following stand out:<\/p>","protected":false},"excerpt":{"rendered":"<p>Ampla atua\u00e7\u00e3o por meio de uma gest\u00e3o integrada e eficiente O Grupo Comolatti controla algumas das mais modernas empresas do Brasil, destacando-se pela estrutura eficiente e inteligente com que gerencia seus neg\u00f3cios, e pela seriedade e compromisso que mant\u00e9m com sua rede de clientes, fornecedores e parceiros. Dentre os segmentos em que atua, destacam-se:<\/p>","protected":false},"author":1,"featured_media":0,"parent":0,"menu_order":0,"comment_status":"closed","ping_status":"closed","template":"segmentos-de-atuacao.php","meta":{"inline_featured_image":false,"footnotes":""},"acf":[],"aioseo_notices":[],"_links":{"self":[{"href":"https:\/\/www.comolatti.com.br\/en\/wp-json\/wp\/v2\/pages\/12"}],"collection":[{"href":"https:\/\/www.comolatti.com.br\/en\/wp-json\/wp\/v2\/pages"}],"about":[{"href":"https:\/\/www.comolatti.com.br\/en\/wp-json\/wp\/v2\/types\/page"}],"author":[{"embeddable":true,"href":"https:\/\/www.comolatti.com.br\/en\/wp-json\/wp\/v2\/users\/1"}],"replies":[{"embeddable":true,"href":"https:\/\/www.comolatti.com.br\/en\/wp-json\/wp\/v2\/comments?post=12"}],"version-history":[{"count":92,"href":"https:\/\/www.comolatti.com.br\/en\/wp-json\/wp\/v2\/pages\/12\/revisions"}],"predecessor-version":[{"id":937,"href":"https:\/\/www.comolatti.com.br\/en\/wp-json\/wp\/v2\/pages\/12\/revisions\/937"}],"wp:attachment":[{"href":"https:\/\/www.comolatti.com.br\/en\/wp-json\/wp\/v2\/media?parent=12"}],"curies":[{"name":"wp","href":"https:\/\/api.w.org\/{rel}","templated":true}]}}