{"id":10,"date":"2020-03-05T15:14:45","date_gmt":"2020-03-05T18:14:45","guid":{"rendered":"http:\/\/www.comolatti.com.br\/?page_id=10"},"modified":"2026-03-12T09:20:41","modified_gmt":"2026-03-12T12:20:41","slug":"nossa-historia","status":"publish","type":"page","link":"https:\/\/www.comolatti.com.br\/en\/nossa-historia\/","title":{"rendered":"History"},"content":{"rendered":"<h1 class=\"wp-block-heading\">A history with more than 65 years of tradition<\/h1>\n\n\n\n<p>The legacy of excellence of the Comolatti Group began to be built in 1948, when Evaristo Comolatti, an Italian immigrant, arrived in the city of S\u00e3o Paulo. The dream of opening a big business in the automotive segment would lead him to open in 1957, in the Mooca neighborhood, an auto parts dealership and repair shop, Evaristo Comolatti &amp; Cia. Ltda.<br><\/p>\n\n\n\n<p><\/p>\n\n\n\n<p>The company grew, diversifying its operations and acquiring other companies, such as Sama S.A., in 1966 \u2013 which at the time was bigger than the Comolatti Group itself. Since 1988, the company has gone several internal restructurings and has continued to evolve under the leadership of Sergio Comolatti, successor to Evaristo, who took over the presidency in 1994.<br><\/p>\n\n\n\n<p><\/p>\n\n\n\n<p>Since its founding, the trajectory of the Comolatti Group has always been marked by dedication, integrity, commitment, and entrepreneurial spirit. A commitment that spanned generations and, more than 65 years later, consolidated one of the most respected groups in the Brazilian automotive sector. Tradition in excellence.<br><\/p>\n\n\n\n<figure class=\"wp-block-gallery columns-1 is-cropped\"><ul class=\"blocks-gallery-grid\"><li class=\"blocks-gallery-item\"><figure><img loading=\"lazy\" decoding=\"async\" width=\"526\" height=\"100\" src=\"http:\/\/www.comolatti.com.br\/wp-content\/uploads\/2020\/04\/Untitled-1.jpg\" alt=\"\" data-id=\"341\" data-full-url=\"http:\/\/www.comolatti.com.br\/wp-content\/uploads\/2020\/04\/Untitled-1.jpg\" data-link=\"http:\/\/www.comolatti.com.br\/nossa-historia\/attachment\/untitled-1\/\" class=\"wp-image-341\" style=\"height:140px\" srcset=\"https:\/\/www.comolatti.com.br\/wp-content\/uploads\/2020\/04\/Untitled-1.jpg 526w, https:\/\/www.comolatti.com.br\/wp-content\/uploads\/2020\/04\/Untitled-1-300x57.jpg 300w\" sizes=\"(max-width: 526px) 100vw, 526px\" \/><\/figure><\/li><\/ul><\/figure>\n\n\n\n<h2 class=\"wp-block-heading\" id=\"evolucao\">Brand evolution over the years<\/h2>\n\n\n\n<figure class=\"wp-block-image size-large\"><img loading=\"lazy\" decoding=\"async\" width=\"712\" height=\"159\" src=\"http:\/\/www.comolatti.com.br\/wp-content\/uploads\/2020\/03\/evolucao-da-marca-comolatti-1.jpg\" alt=\"\" class=\"wp-image-216\" srcset=\"https:\/\/www.comolatti.com.br\/wp-content\/uploads\/2020\/03\/evolucao-da-marca-comolatti-1.jpg 712w, https:\/\/www.comolatti.com.br\/wp-content\/uploads\/2020\/03\/evolucao-da-marca-comolatti-1-300x67.jpg 300w\" sizes=\"(max-width: 712px) 100vw, 712px\" \/><\/figure>\n\n\n\n<h2 class=\"wp-block-heading\">Timeline<\/h2>","protected":false},"excerpt":{"rendered":"<p>Uma hist\u00f3ria com mais de 65 anos de tradi\u00e7\u00e3o O legado de excel\u00eancia do Grupo Comolatti come\u00e7ou a ser constru\u00eddo em 1948, quando Evaristo Comolatti, imigrante italiano, chegou \u00e0 cidade de S\u00e3o Paulo. O sonho de abrir um grande neg\u00f3cio no segmento automotivo o levaria a inaugurar no bairro da Mooca, em 1957, uma revendedora de autope\u00e7as e oficina, a Evaristo Comolatti &amp; Cia. Ltda. A empresa cresceu, diversificando sua atua\u00e7\u00e3o e adquirindo outras empresas, [&hellip;]<\/p>","protected":false},"author":1,"featured_media":0,"parent":0,"menu_order":0,"comment_status":"closed","ping_status":"closed","template":"nossa-historia.php","meta":{"inline_featured_image":false,"footnotes":""},"acf":[],"aioseo_notices":[],"_links":{"self":[{"href":"https:\/\/www.comolatti.com.br\/en\/wp-json\/wp\/v2\/pages\/10"}],"collection":[{"href":"https:\/\/www.comolatti.com.br\/en\/wp-json\/wp\/v2\/pages"}],"about":[{"href":"https:\/\/www.comolatti.com.br\/en\/wp-json\/wp\/v2\/types\/page"}],"author":[{"embeddable":true,"href":"https:\/\/www.comolatti.com.br\/en\/wp-json\/wp\/v2\/users\/1"}],"replies":[{"embeddable":true,"href":"https:\/\/www.comolatti.com.br\/en\/wp-json\/wp\/v2\/comments?post=10"}],"version-history":[{"count":85,"href":"https:\/\/www.comolatti.com.br\/en\/wp-json\/wp\/v2\/pages\/10\/revisions"}],"predecessor-version":[{"id":932,"href":"https:\/\/www.comolatti.com.br\/en\/wp-json\/wp\/v2\/pages\/10\/revisions\/932"}],"wp:attachment":[{"href":"https:\/\/www.comolatti.com.br\/en\/wp-json\/wp\/v2\/media?parent=10"}],"curies":[{"name":"wp","href":"https:\/\/api.w.org\/{rel}","templated":true}]}}